{"id":1740,"date":"2026-04-10T15:40:40","date_gmt":"2026-04-10T13:40:40","guid":{"rendered":"https:\/\/labelvivre.fr\/?page_id=1740"},"modified":"2026-04-10T15:49:46","modified_gmt":"2026-04-10T13:49:46","slug":"observatoire-2","status":"publish","type":"page","link":"https:\/\/labelvivre.fr\/index.php\/observatoire-2\/","title":{"rendered":"Observatoire du bien-vivre en EHPAD 2026"},"content":{"rendered":"\t\t<div data-elementor-type=\"wp-post\" data-elementor-id=\"1740\" class=\"elementor elementor-1740\">\n\t\t\t\t\t\t\t<div class=\"elementor-element elementor-element-2ca3043 e-con-full e-flex e-con e-parent\" data-id=\"2ca3043\" data-element_type=\"container\" data-settings=\"{&quot;content_width&quot;:&quot;full&quot;}\" data-core-v316-plus=\"true\">\n\t\t\t\t<div class=\"elementor-element elementor-element-956f4b1 elementor-widget elementor-widget-shortcode\" data-id=\"956f4b1\" data-element_type=\"widget\" data-widget_type=\"shortcode.default\">\n\t\t\t\t<div class=\"elementor-widget-container\">\n\t\t\t\t\t<div class=\"elementor-shortcode\">\n<div class=\"wpcf7 no-js\" id=\"wpcf7-f1741-o1\" lang=\"fr-FR\" dir=\"ltr\">\n<div class=\"screen-reader-response\"><p role=\"status\" aria-live=\"polite\" aria-atomic=\"true\"><\/p> <ul><\/ul><\/div>\n<form action=\"\/index.php\/wp-json\/wp\/v2\/pages\/1740#wpcf7-f1741-o1\" method=\"post\" class=\"wpcf7-form init\" aria-label=\"Formulaire de contact\" novalidate=\"novalidate\" data-status=\"init\">\n<div style=\"display: none;\">\n<input type=\"hidden\" name=\"_wpcf7\" value=\"1741\" \/>\n<input type=\"hidden\" name=\"_wpcf7_version\" value=\"5.9.7\" \/>\n<input type=\"hidden\" name=\"_wpcf7_locale\" value=\"fr_FR\" \/>\n<input type=\"hidden\" name=\"_wpcf7_unit_tag\" value=\"wpcf7-f1741-o1\" \/>\n<input type=\"hidden\" name=\"_wpcf7_container_post\" value=\"0\" \/>\n<input type=\"hidden\" name=\"_wpcf7_posted_data_hash\" value=\"\" \/>\n<input type=\"hidden\" name=\"_wpcf7_recaptcha_response\" value=\"\" \/>\n<\/div>\n<div class=\"cf7resp\">\n\t<table style=\"margin-bottom:0px;\">\n\t\t<tr>\n\t\t\t<td width=\"80%\">\n\t\t\t\t<h3 style=\"text-align: center;\">Acc\u00e9dez \u00e0 l'Observatoire du bien-vivre en EHPAD 2026 !\n\t\t\t\t<\/h3>\n\t\t\t<\/td>\n\t\t\t<td rowspan=\"2\">\n\t\t\t\t<p><img decoding=\"async\" width=\"229\" height=\"172\" src=\"http:\/\/labelvivre.fr\/wp-content\/uploads\/2026\/04\/Observatoire2.png\" \/>\n\t\t\t\t<\/p>\n\t\t\t<\/td>\n\t\t<\/tr>\n\t\t<tr>\n\t\t\t<td width=\"80%\">\n\t\t\t\t<p style=\"text-align: center;\">Des donn\u00e9es in\u00e9dites sur le v\u00e9cu r\u00e9el des r\u00e9sidents, de leurs proches et des salari\u00e9s, issues des r\u00e9sultats recueillis entre mars 2023 et d\u00e9cembre 2025 aupr\u00e8s de plus de 2400 personnes interrog\u00e9es.\n\t\t\t\t<\/p>\n\t\t\t<\/td>\n\t\t<\/tr>\n\t<\/table>\n\t<table style=\"margin-bottom:0px;\">\n\t\t<tr>\n\t\t\t<td width=\"50%\">\n\t\t\t\t<p><label> Pr\u00e9nom <span class=\"wpcf7-form-control-wrap\" data-name=\"firstname\"><input size=\"40\" maxlength=\"400\" class=\"wpcf7-form-control wpcf7-text wpcf7-validates-as-required\" aria-required=\"true\" aria-invalid=\"false\" value=\"\" type=\"text\" name=\"firstname\" \/><\/span> <\/label>\n\t\t\t\t<\/p>\n\t\t\t<\/td>\n\t\t\t<td>\n\t\t\t\t<p><label> Nom <span class=\"wpcf7-form-control-wrap\" data-name=\"lastname\"><input size=\"40\" maxlength=\"400\" class=\"wpcf7-form-control wpcf7-text wpcf7-validates-as-required\" aria-required=\"true\" aria-invalid=\"false\" value=\"\" type=\"text\" name=\"lastname\" \/><\/span> <\/label>\n\t\t\t\t<\/p>\n\t\t\t<\/td>\n\t\t<\/tr>\n\t\t<tr>\n\t\t\t<td colspan=\"2\">\n\t\t\t\t<p><label> E-mail <span class=\"wpcf7-form-control-wrap\" data-name=\"your-email\"><input size=\"40\" maxlength=\"400\" class=\"wpcf7-form-control wpcf7-email wpcf7-validates-as-required wpcf7-text wpcf7-validates-as-email\" aria-required=\"true\" aria-invalid=\"false\" value=\"\" type=\"email\" name=\"your-email\" \/><\/span> <\/label>\n\t\t\t\t<\/p>\n\t\t\t<\/td>\n\t\t<\/tr>\n\t\t<tr>\n\t\t\t<td colspan=\"2\">\n\t\t\t\t<p><label> Soci\u00e9t\u00e9 <span class=\"wpcf7-form-control-wrap\" data-name=\"company\"><input size=\"40\" maxlength=\"400\" class=\"wpcf7-form-control wpcf7-text wpcf7-validates-as-required\" aria-required=\"true\" aria-invalid=\"false\" value=\"\" type=\"text\" name=\"company\" \/><\/span> <\/label>\n\t\t\t\t<\/p>\n\t\t\t<\/td>\n\t\t<\/tr>\n\t\t<tr>\n\t\t\t<td width=\"50%\">\n\t\t\t\t<p><label> Fonction <span class=\"wpcf7-form-control-wrap\" data-name=\"jobtitle\"><input size=\"40\" maxlength=\"400\" class=\"wpcf7-form-control wpcf7-text wpcf7-validates-as-required\" aria-required=\"true\" aria-invalid=\"false\" value=\"\" type=\"text\" name=\"jobtitle\" \/><\/span> <\/label>\n\t\t\t\t<\/p>\n\t\t\t<\/td>\n\t\t\t<td>\n\t\t\t\t<p><label> Num\u00e9ro de t\u00e9l\u00e9phone<span class=\"wpcf7-form-control-wrap\" data-name=\"phone\"><input size=\"40\" maxlength=\"400\" class=\"wpcf7-form-control wpcf7-tel wpcf7-validates-as-required wpcf7-text wpcf7-validates-as-tel\" aria-required=\"true\" aria-invalid=\"false\" value=\"\" type=\"tel\" name=\"phone\" \/><\/span> <\/label>\n\t\t\t\t<\/p>\n\t\t\t<\/td>\n\t\t<\/tr>\n\t\t<tr>\n\t\t\t<td colspan=\"2\">\n\t\t\t\t<p><span class=\"wpcf7-form-control-wrap\" data-name=\"validation-rgpd\"><span class=\"wpcf7-form-control wpcf7-checkbox wpcf7-validates-as-required\"><span class=\"wpcf7-list-item first last\"><label><input type=\"checkbox\" name=\"validation-rgpd[]\" value=\"En cochant cette case, j&#039;accepte que mes donn\u00e9es de contact soient utilis\u00e9es pour m&#039;adresser l&#039;Observatoire du bien-vivre en EHPAD et, le cas \u00e9ch\u00e9ant, des informations compl\u00e9mentaires sur les actualit\u00e9s et les offres de label Vivre.\" \/><span class=\"wpcf7-list-item-label\">En cochant cette case, j&#039;accepte que mes donn\u00e9es de contact soient utilis\u00e9es pour m&#039;adresser l&#039;Observatoire du bien-vivre en EHPAD et, le cas \u00e9ch\u00e9ant, des informations compl\u00e9mentaires sur les actualit\u00e9s et les offres de label Vivre.<\/span><\/label><\/span><\/span><\/span>\n\t\t\t\t<\/p>\n\t\t\t<\/td>\n\t\t<\/tr>\n\t\t<tr>\n\t\t\t<td colspan=\"2\" style=\"text-align: center;\">\n\t\t\t\t<p><input class=\"wpcf7-form-control wpcf7-submit has-spinner\" type=\"submit\" value=\"Obtenir l&#039;Observatoire du bien-vivre en EHPAD !\" \/>\n\t\t\t\t<\/p>\n\t\t\t<\/td>\n\t\t<\/tr>\n\t<\/table>\n<\/div><div class=\"wpcf7-response-output\" aria-hidden=\"true\"><\/div>\n<\/form>\n<\/div>\n<\/div>\n\t\t\t\t<\/div>\n\t\t\t\t<\/div>\n\t\t\t\t<\/div>\n\t\t\t\t\t\t\t<\/div>\n\t\t","protected":false},"excerpt":{"rendered":"","protected":false},"author":1,"featured_media":0,"parent":0,"menu_order":0,"comment_status":"closed","ping_status":"closed","template":"","meta":{"content-type":"","om_disable_all_campaigns":false,"_monsterinsights_skip_tracking":false,"_monsterinsights_sitenote_active":false,"_monsterinsights_sitenote_note":"","_monsterinsights_sitenote_category":0,"footnotes":""},"class_list":["post-1740","page","type-page","status-publish","hentry","entry"],"aioseo_notices":[],"_links":{"self":[{"href":"https:\/\/labelvivre.fr\/index.php\/wp-json\/wp\/v2\/pages\/1740","targetHints":{"allow":["GET"]}}],"collection":[{"href":"https:\/\/labelvivre.fr\/index.php\/wp-json\/wp\/v2\/pages"}],"about":[{"href":"https:\/\/labelvivre.fr\/index.php\/wp-json\/wp\/v2\/types\/page"}],"author":[{"embeddable":true,"href":"https:\/\/labelvivre.fr\/index.php\/wp-json\/wp\/v2\/users\/1"}],"replies":[{"embeddable":true,"href":"https:\/\/labelvivre.fr\/index.php\/wp-json\/wp\/v2\/comments?post=1740"}],"version-history":[{"count":4,"href":"https:\/\/labelvivre.fr\/index.php\/wp-json\/wp\/v2\/pages\/1740\/revisions"}],"predecessor-version":[{"id":1749,"href":"https:\/\/labelvivre.fr\/index.php\/wp-json\/wp\/v2\/pages\/1740\/revisions\/1749"}],"wp:attachment":[{"href":"https:\/\/labelvivre.fr\/index.php\/wp-json\/wp\/v2\/media?parent=1740"}],"curies":[{"name":"wp","href":"https:\/\/api.w.org\/{rel}","templated":true}]}}